{"id":215,"date":"2023-01-31T14:54:25","date_gmt":"2023-01-31T14:54:25","guid":{"rendered":"https:\/\/degromard.com\/?page_id=215"},"modified":"2023-08-18T17:02:29","modified_gmt":"2023-08-18T17:02:29","slug":"de-gromard","status":"publish","type":"page","link":"https:\/\/degromard.com\/fr\/","title":{"rendered":"De Gromard"},"content":{"rendered":"<p>[et_pb_section fb_built=\u00a0\u00bb1&Prime; _builder_version=\u00a0\u00bb4.19.1&Prime; _module_preset=\u00a0\u00bbdefault\u00a0\u00bb background_color=\u00a0\u00bb#000000&Prime; custom_margin=\u00a0\u00bb0px||||false|false\u00a0\u00bb custom_padding=\u00a0\u00bb0px||||false|false\u00a0\u00bb bottom_divider_color=\u00a0\u00bb#ae9a64&Prime; global_colors_info=\u00a0\u00bb{}\u00a0\u00bb][et_pb_row _builder_version=\u00a0\u00bb4.19.1&Prime; _module_preset=\u00a0\u00bbdefault\u00a0\u00bb custom_margin=\u00a0\u00bb||0px||false|false\u00a0\u00bb custom_padding=\u00a0\u00bb||0px||false|false\u00a0\u00bb global_colors_info=\u00a0\u00bb{}\u00a0\u00bb][et_pb_column type=\u00a0\u00bb4_4&Prime; _builder_version=\u00a0\u00bb4.19.1&Prime; _module_preset=\u00a0\u00bbdefault\u00a0\u00bb global_colors_info=\u00a0\u00bb{}\u00a0\u00bb][et_pb_image src=\u00a0\u00bbhttps:\/\/degromard.com\/wp-content\/uploads\/2022\/12\/logo_degromard_black_lowv2.png\u00a0\u00bb align=\u00a0\u00bbcenter\u00a0\u00bb _builder_version=\u00a0\u00bb4.19.1&Prime; _module_preset=\u00a0\u00bbdefault\u00a0\u00bb custom_margin=\u00a0\u00bb||0px||false|false\u00a0\u00bb custom_padding=\u00a0\u00bb||0px||false|false\u00a0\u00bb global_colors_info=\u00a0\u00bb{}\u00a0\u00bb][\/et_pb_image][et_pb_text _builder_version=\u00a0\u00bb4.22.0&Prime; _module_preset=\u00a0\u00bbdefault\u00a0\u00bb text_font=\u00a0\u00bbSatisfy||||||||\u00a0\u00bb text_text_color=\u00a0\u00bb#ae9a64&Prime; text_font_size=\u00a0\u00bb50px\u00a0\u00bb text_line_height=\u00a0\u00bb1.8em\u00a0\u00bb text_orientation=\u00a0\u00bbcenter\u00a0\u00bb text_font_size_tablet=\u00a0\u00bb46px\u00a0\u00bb text_font_size_phone=\u00a0\u00bb31px\u00a0\u00bb text_font_size_last_edited=\u00a0\u00bbon|phone\u00a0\u00bb global_colors_info=\u00a0\u00bb{}\u00a0\u00bb]<\/p>\n<p>Champagne c&rsquo;est toujours un peu la f\u00eate<\/p>\n<p>[\/et_pb_text][et_pb_icon font_icon=\u00a0\u00bb&#x3f;||divi||400&Prime; icon_width=\u00a0\u00bb30px\u00a0\u00bb url=\u00a0\u00bb#cotedesbar\u00a0\u00bb _builder_version=\u00a0\u00bb4.19.1&Prime; _module_preset=\u00a0\u00bbdefault\u00a0\u00bb animation_style=\u00a0\u00bbbounce\u00a0\u00bb animation_direction=\u00a0\u00bbbottom\u00a0\u00bb global_colors_info=\u00a0\u00bb{}\u00a0\u00bb][\/et_pb_icon][\/et_pb_column][\/et_pb_row][\/et_pb_section][et_pb_section fb_built=\u00a0\u00bb1&Prime; module_id=\u00a0\u00bbcotedesbar\u00a0\u00bb _builder_version=\u00a0\u00bb4.19.1&Prime; _module_preset=\u00a0\u00bbdefault\u00a0\u00bb custom_margin=\u00a0\u00bb0px||0px||false|false\u00a0\u00bb custom_padding=\u00a0\u00bb0px||0px||false|false\u00a0\u00bb global_colors_info=\u00a0\u00bb{}\u00a0\u00bb][et_pb_row column_structure=\u00a0\u00bb1_2,1_2&Prime; use_custom_gutter=\u00a0\u00bbon\u00a0\u00bb gutter_width=\u00a0\u00bb1&Prime; make_equal=\u00a0\u00bbon\u00a0\u00bb _builder_version=\u00a0\u00bb4.19.1&Prime; _module_preset=\u00a0\u00bbdefault\u00a0\u00bb width=\u00a0\u00bb100%\u00a0\u00bb max_width=\u00a0\u00bb100%\u00a0\u00bb custom_margin=\u00a0\u00bb0px||0px||false|false\u00a0\u00bb custom_padding=\u00a0\u00bb0px||0px||false|false\u00a0\u00bb global_colors_info=\u00a0\u00bb{}\u00a0\u00bb][et_pb_column type=\u00a0\u00bb1_2&Prime; _builder_version=\u00a0\u00bb4.19.1&Prime; _module_preset=\u00a0\u00bbdefault\u00a0\u00bb background_video_mp4=\u00a0\u00bbhttps:\/\/degromard.com\/wp-content\/uploads\/2022\/12\/DeGromard-1.mp4&Prime; global_colors_info=\u00a0\u00bb{}\u00a0\u00bb][\/et_pb_column][et_pb_column type=\u00a0\u00bb1_2&Prime; _builder_version=\u00a0\u00bb4.19.1&Prime; _module_preset=\u00a0\u00bbdefault\u00a0\u00bb global_colors_info=\u00a0\u00bb{}\u00a0\u00bb][et_pb_text _builder_version=\u00a0\u00bb4.19.1&Prime; _module_preset=\u00a0\u00bbdefault\u00a0\u00bb header_font=\u00a0\u00bbSatisfy||||||||\u00a0\u00bb header_text_align=\u00a0\u00bbcenter\u00a0\u00bb header_text_color=\u00a0\u00bb#ae9a64&Prime; header_font_size=\u00a0\u00bb50px\u00a0\u00bb custom_margin=\u00a0\u00bb||||false|false\u00a0\u00bb custom_padding=\u00a0\u00bb5%|10%||10%|false|false\u00a0\u00bb global_colors_info=\u00a0\u00bb{}\u00a0\u00bb]<\/p>\n<h1>C\u00f4te des Bar<\/h1>\n<p>[\/et_pb_text][dipl_separator use_with=\u00a0\u00bbicon\u00a0\u00bb seprator_thickness=\u00a0\u00bb1px\u00a0\u00bb separator_color=\u00a0\u00bb#ae9a64&Prime; font_icon=\u00a0\u00bb&#xf72f;||fa||900&Prime; _builder_version=\u00a0\u00bb4.19.1&Prime; _module_preset=\u00a0\u00bbdefault\u00a0\u00bb width=\u00a0\u00bb90%\u00a0\u00bb module_alignment=\u00a0\u00bbcenter\u00a0\u00bb custom_margin=\u00a0\u00bb||0px||false|false\u00a0\u00bb global_colors_info=\u00a0\u00bb{}\u00a0\u00bb][\/dipl_separator][et_pb_text _builder_version=\u00a0\u00bb4.22.0&Prime; _module_preset=\u00a0\u00bbdefault\u00a0\u00bb header_font=\u00a0\u00bbSatisfy||||||||\u00a0\u00bb header_text_color=\u00a0\u00bb#ae9a64&Prime; header_font_size=\u00a0\u00bb50px\u00a0\u00bb custom_margin=\u00a0\u00bb||||false|false\u00a0\u00bb custom_padding=\u00a0\u00bb|10%||10%|false|false\u00a0\u00bb global_colors_info=\u00a0\u00bb{}\u00a0\u00bb]<\/p>\n<p>L&rsquo;Appellation d&rsquo;Origine Contr\u00f4l\u00e9e (AOP) Champagne comprend 5 sous-r\u00e9gions. La plupart des Belges arr\u00eatent d\u00e9j\u00e0 leur voyage dans la r\u00e9gion populaire de la Montagne de Reims, la sous-r\u00e9gion autour de la ville. Mais nous avons aussi la Vall\u00e9e de la Marne (A\u00ff), la C\u00f4te des Blancs (Epernay) et la C\u00f4te de Sezanne. Sommelier, Gunther De Grom a cependant perdu son c\u0153ur en C\u00f4te des Bar, la r\u00e9gion la plus m\u00e9ridionale de l\u2019AOP Champagne dans le d\u00e9partement de l&rsquo;Aube. Cette r\u00e9gion est situ\u00e9e \u00e0 plus de 150 km au sud de Reims et \u00e0 environ 50 km \u00e0 l&rsquo;est de Troyes.<\/p>\n<p>[\/et_pb_text][dipl_image_magnifier image=\u00a0\u00bbhttps:\/\/degromard.com\/wp-content\/uploads\/2022\/12\/Champagne_map_lowv2.png\u00a0\u00bb _builder_version=\u00a0\u00bb4.19.1&Prime; _module_preset=\u00a0\u00bbdefault\u00a0\u00bb text_orientation=\u00a0\u00bbcenter\u00a0\u00bb width=\u00a0\u00bb60%\u00a0\u00bb module_alignment=\u00a0\u00bbcenter\u00a0\u00bb custom_margin=\u00a0\u00bb0px||0px||false|false\u00a0\u00bb custom_padding=\u00a0\u00bb0px||0px||false|false\u00a0\u00bb global_colors_info=\u00a0\u00bb{}\u00a0\u00bb][\/dipl_image_magnifier][et_pb_text _builder_version=\u00a0\u00bb4.19.1&Prime; _module_preset=\u00a0\u00bbdefault\u00a0\u00bb custom_margin=\u00a0\u00bb||||false|false\u00a0\u00bb custom_padding=\u00a0\u00bb|10%|5%|10%|false|false\u00a0\u00bb global_colors_info=\u00a0\u00bb{}\u00a0\u00bb]<\/p>\n<p>Le paysage est diff\u00e9rent par rapport au centre de la Champagne. Les vignobles sont entrecoup\u00e9s de for\u00eats, de petits villages, de fermes et de rivi\u00e8res. Il est compl\u00e8tement diff\u00e9rent des r\u00e9gions du Nord \u00e0 v\u00e9g\u00e9tation dense. De plus, le vignoble b\u00e9n\u00e9ficie ici d&rsquo;un climat semi-continental, donc l\u00e9g\u00e8rement plus chaud que les r\u00e9gions autour de Reims et d&rsquo;Epernay.<\/p>\n<p>[\/et_pb_text][\/et_pb_column][\/et_pb_row][\/et_pb_section][et_pb_section fb_built=\u00a0\u00bb1&Prime; _builder_version=\u00a0\u00bb4.19.1&Prime; _module_preset=\u00a0\u00bbdefault\u00a0\u00bb background_color=\u00a0\u00bb#000000&Prime; global_colors_info=\u00a0\u00bb{}\u00a0\u00bb][et_pb_row column_structure=\u00a0\u00bb1_2,1_2&Prime; _builder_version=\u00a0\u00bb4.19.1&Prime; _module_preset=\u00a0\u00bbdefault\u00a0\u00bb width=\u00a0\u00bb100%\u00a0\u00bb max_width=\u00a0\u00bb90%\u00a0\u00bb custom_margin=\u00a0\u00bb||||false|false\u00a0\u00bb custom_padding=\u00a0\u00bb||||false|false\u00a0\u00bb global_colors_info=\u00a0\u00bb{}\u00a0\u00bb][et_pb_column type=\u00a0\u00bb1_2&Prime; _builder_version=\u00a0\u00bb4.19.1&Prime; _module_preset=\u00a0\u00bbdefault\u00a0\u00bb global_colors_info=\u00a0\u00bb{}\u00a0\u00bb][et_pb_text _builder_version=\u00a0\u00bb4.22.0&Prime; _module_preset=\u00a0\u00bbdefault\u00a0\u00bb text_text_color=\u00a0\u00bb#ffffff\u00a0\u00bb global_colors_info=\u00a0\u00bb{}\u00a0\u00bb]<\/p>\n<p>Bien que la plupart des viticulteurs du XIXe si\u00e8cle vendaient leurs raisins \u00e0 de grandes maisons de champagne, depuis 2000, ils ont \u00e9volu\u00e9 vers une culture de champagne artisanal, exp\u00e9rimental et ax\u00e9 sur le terroir. La superficie du vignoble a depuis augment\u00e9 de pr\u00e8s de 20 % et couvre d\u00e9sormais pr\u00e8s d&rsquo;un quart de l&rsquo;ensemble de la r\u00e9gion champenoise.<\/p>\n<p>Comme dans le reste de l\u2019AOP Champagne, les 3 c\u00e9pages nobles sont \u00e9galement utilis\u00e9s ici : Chardonnay, Pinot Noir et Pinot Meunier. Mais le <span style=\"color: #ffffff;\">Pinot Noir domine le paysage,<\/span> avec environ 86% des vignes. <strong><span style=\"color: #ae9a64;\">Les raisins bleus prennent tout leur sens<\/span><\/strong> <span style=\"color: #ae9a64;\"><strong>ici<\/strong><\/span> car les collines sont souvent plus raides que dans le nord et re\u00e7oivent donc un peu plus de soleil.<\/p>\n<p>Le region Champenois est connue pour ses sols calcaires distinctifs juste \u00e0 l&rsquo;ext\u00e9rieur du centre du bassin parisien. Mais la C\u00f4te des Bar est juste en bordure de cette bande, l\u00e0 o\u00f9 la chaux et l&rsquo;argile se rencontrent. C&rsquo;est ce qu&rsquo;on appelle le Kimm\u00e9ridgien et se caract\u00e9rise par des fossiles de l&rsquo;esp\u00e8ce des hu\u00eetres &#8211; c&rsquo;est peut-\u00eatre pour cela que le champagne et les hu\u00eetres font toujours bon m\u00e9nage &#8211; ce qui donne des notes min\u00e9rales sp\u00e9cifiques au vin.<\/p>\n<p>[\/et_pb_text][et_pb_text _builder_version=\u00a0\u00bb4.22.0&Prime; _module_preset=\u00a0\u00bbdefault\u00a0\u00bb text_text_color=\u00a0\u00bb#FFFFFF\u00a0\u00bb custom_padding_tablet=\u00a0\u00bb||3vw||false|false\u00a0\u00bb custom_padding_phone=\u00a0\u00bb||3vw||false|false\u00a0\u00bb custom_padding_last_edited=\u00a0\u00bbon|phone\u00a0\u00bb global_colors_info=\u00a0\u00bb{}\u00a0\u00bb]<\/p>\n<p>Le sol kimm\u00e9ridgien est un m\u00e9lange de calcaire et de marnes argileuses. Le calcaire maintient l&rsquo;acidit\u00e9 et la marne argileuse offre une structure ronde et riche et de riches ar\u00f4mes de fruits. Ce terroir, associ\u00e9 \u00e0 des temp\u00e9ratures un peu plus chaudes, rend les Champagnes de la C\u00f4te des Bar plus complex et plus doux que ceux du Nord.<\/p>\n<p>[\/et_pb_text][\/et_pb_column][et_pb_column type=\u00a0\u00bb1_2&Prime; _builder_version=\u00a0\u00bb4.19.1&Prime; _module_preset=\u00a0\u00bbdefault\u00a0\u00bb global_colors_info=\u00a0\u00bb{}\u00a0\u00bb][dipl_image_accordion inactive_state=\u00a0\u00bbon|off\u00a0\u00bb disabled_on=\u00a0\u00bbon|off|off\u00a0\u00bb _builder_version=\u00a0\u00bb4.22.0&Prime; _module_preset=\u00a0\u00bbdefault\u00a0\u00bb title_text_color=\u00a0\u00bb#FFFFFF\u00a0\u00bb desc_text_text_color=\u00a0\u00bb#FFFFFF\u00a0\u00bb desc_text_font_size=\u00a0\u00bb16px\u00a0\u00bb background_layout=\u00a0\u00bbdark\u00a0\u00bb min_height=\u00a0\u00bb518px\u00a0\u00bb custom_margin=\u00a0\u00bb||27px||false|false\u00a0\u00bb custom_padding=\u00a0\u00bb||0px||false|false\u00a0\u00bb global_colors_info=\u00a0\u00bb{}\u00a0\u00bb][dipl_image_accordion_item title=\u00a0\u00bbCalcaire\u00a0\u00bb active_accordion_bg_color=\u00a0\u00bbrgba(0,0,0,0.5)\u00a0\u00bb accordion_bg_image=\u00a0\u00bbhttps:\/\/degromard.com\/wp-content\/uploads\/2022\/12\/kalksteen.png\u00a0\u00bb _builder_version=\u00a0\u00bb4.22.0&Prime; _module_preset=\u00a0\u00bbdefault\u00a0\u00bb title_level=\u00a0\u00bbh1&Prime; title_font=\u00a0\u00bbSatisfy||||||||\u00a0\u00bb title_text_color=\u00a0\u00bb#FFFFFF\u00a0\u00bb title_font_size=\u00a0\u00bb60px\u00a0\u00bb custom_margin=\u00a0\u00bb|1vw|||false|false\u00a0\u00bb custom_padding=\u00a0\u00bb||||false|false\u00a0\u00bb title_text_shadow_style=\u00a0\u00bbpreset3&Prime; border_radii=\u00a0\u00bbon|20px|20px|20px|20px\u00a0\u00bb box_shadow_style=\u00a0\u00bbpreset6&Prime; global_colors_info=\u00a0\u00bb{}\u00a0\u00bb]<\/p>\n<p>La pr\u00e9sence de calcaire dans le sol augmente l&rsquo;acidit\u00e9 du vin.<\/p>\n<p>[\/dipl_image_accordion_item][dipl_image_accordion_item title=\u00a0\u00bbMarne argileuse\u00a0\u00bb active_accordion_bg_color=\u00a0\u00bbrgba(0,0,0,0.5)\u00a0\u00bb accordion_bg_image=\u00a0\u00bbhttps:\/\/degromard.com\/wp-content\/uploads\/2022\/12\/kleimergel.png\u00a0\u00bb _builder_version=\u00a0\u00bb4.22.0&Prime; _module_preset=\u00a0\u00bbdefault\u00a0\u00bb title_level=\u00a0\u00bbh1&Prime; title_font=\u00a0\u00bbSatisfy||||||||\u00a0\u00bb title_text_color=\u00a0\u00bb#FFFFFF\u00a0\u00bb title_font_size=\u00a0\u00bb60px\u00a0\u00bb custom_margin=\u00a0\u00bb|||1vw|false|false\u00a0\u00bb custom_padding=\u00a0\u00bb||||false|false\u00a0\u00bb title_text_shadow_style=\u00a0\u00bbpreset3&Prime; border_radii=\u00a0\u00bbon|20px|20px|20px|20px\u00a0\u00bb box_shadow_style=\u00a0\u00bbpreset6&Prime; global_colors_info=\u00a0\u00bb{}\u00a0\u00bb]<\/p>\n<p>Les marnes argileuses apportent de la rondeur et un profil fruit\u00e9 au vin.<\/p>\n<p>[\/dipl_image_accordion_item][\/dipl_image_accordion][\/et_pb_column][\/et_pb_row][et_pb_row _builder_version=\u00a0\u00bb4.19.4&Prime; _module_preset=\u00a0\u00bbdefault\u00a0\u00bb width=\u00a0\u00bb100%\u00a0\u00bb max_width=\u00a0\u00bb90%\u00a0\u00bb custom_margin=\u00a0\u00bb0px||||false|false\u00a0\u00bb custom_margin_tablet=\u00a0\u00bb||||false|false\u00a0\u00bb custom_margin_phone=\u00a0\u00bb0px||||false|false\u00a0\u00bb custom_margin_last_edited=\u00a0\u00bbon|phone\u00a0\u00bb custom_padding=\u00a0\u00bb0px||||false|false\u00a0\u00bb global_colors_info=\u00a0\u00bb{}\u00a0\u00bb][et_pb_column type=\u00a0\u00bb4_4&Prime; _builder_version=\u00a0\u00bb4.19.1&Prime; _module_preset=\u00a0\u00bbdefault\u00a0\u00bb global_colors_info=\u00a0\u00bb{}\u00a0\u00bb][et_pb_text _builder_version=\u00a0\u00bb4.22.0&Prime; _module_preset=\u00a0\u00bbdefault\u00a0\u00bb header_font=\u00a0\u00bbSatisfy||||||||\u00a0\u00bb header_text_color=\u00a0\u00bb#ae9a64&Prime; header_font_size=\u00a0\u00bb50px\u00a0\u00bb custom_margin=\u00a0\u00bb||0px||false|false\u00a0\u00bb custom_margin_tablet=\u00a0\u00bb1vw||||false|false\u00a0\u00bb custom_margin_phone=\u00a0\u00bb1vw||||false|false\u00a0\u00bb custom_margin_last_edited=\u00a0\u00bbon|phone\u00a0\u00bb custom_padding=\u00a0\u00bb||0px||false|false\u00a0\u00bb global_colors_info=\u00a0\u00bb{}\u00a0\u00bb]<\/p>\n<h1 style=\"text-align: center;\">Pourquoi boire du C\u00f4te des Bar?<\/h1>\n<p>[\/et_pb_text][dipl_separator use_with=\u00a0\u00bbicon\u00a0\u00bb seprator_thickness=\u00a0\u00bb1px\u00a0\u00bb separator_color=\u00a0\u00bb#ae9a64&Prime; font_icon=\u00a0\u00bb&#xf5ce;||fa||900&Prime; _builder_version=\u00a0\u00bb4.19.1&Prime; _module_preset=\u00a0\u00bbdefault\u00a0\u00bb custom_margin=\u00a0\u00bb||0px||false|false\u00a0\u00bb global_colors_info=\u00a0\u00bb{}\u00a0\u00bb][\/dipl_separator][et_pb_text _builder_version=\u00a0\u00bb4.22.0&Prime; _module_preset=\u00a0\u00bbdefault\u00a0\u00bb text_text_color=\u00a0\u00bb#FFFFFF\u00a0\u00bb header_font=\u00a0\u00bbSatisfy||||||||\u00a0\u00bb header_text_color=\u00a0\u00bb#ae9a64&Prime; header_font_size=\u00a0\u00bb50px\u00a0\u00bb global_colors_info=\u00a0\u00bb{}\u00a0\u00bb]<\/p>\n<p>La grande raison pour laquelle les amateurs de champagne r\u00e9clament aujourd&rsquo;hui des vins de la C\u00f4te des Bar est que les vignerons produisent leurs vins avec des raisins provenant uniquement de leur propre domaine, plut\u00f4t qu&rsquo;avec des raisins achet\u00e9s, ce qui permet un meilleur contr\u00f4le de la qualit\u00e9 du fruit. Autrefois rejet\u00e9s comme de second ordre, les producteurs progressistes de la C\u00f4te des Bar ont d\u00e9velopp\u00e9 une culture de l&rsquo;exp\u00e9rimentation et de l&rsquo;innovation, qui ne contribue qu&rsquo;\u00e0 un tr\u00e8s bon rapport qualit\u00e9-prix. Laissez-vous s\u00e9duire par cette r\u00e9gion champenoise m\u00e9connue et <strong><span style=\"color: #ae9a64;\">rejoignez l&rsquo;effervescence<\/span><\/strong> !<\/p>\n<p>[\/et_pb_text][\/et_pb_column][\/et_pb_row][\/et_pb_section]<\/p>\n","protected":false},"excerpt":{"rendered":"<p>Champagne c&rsquo;est toujours un peu la f\u00eateC\u00f4te des Bar<div class=\"et_pb_module dipl_separator dipl_separator_0\">\n\t\t\t\t\n\t\t\t\t\n\t\t\t\t\n\t\t\t\t\n\t\t\t\t\n\t\t\t\t\n\t\t\t\t<div class=\"et_pb_module_inner\">\n\t\t\t\t\t<div class=\"dipl_separator_container align_center\">\n\t\t\t\t\t\t\t\t\t<div class=\"dipl_line dipl_line_before\"><\/div>\n\t\t\t\t\t\t\t\t\t\t\n\t\t\t\t\t\t\t\t\t\t<div class=\"dipl-icon-wrapper\"><span class=\"et-pb-icon \">&#xf72f;<\/span><\/div>\n\t\t\t\t\t\t\t\t\t\t\n\t\t\t\t\t\t\t\t\t<div class=\"dipl_line dipl_line_after\"><\/div>\n\t\t\t\t\t\t\t\t<\/div>\n\t\t\t\t<\/div>\n\t\t\t<\/div>L&rsquo;Appellation d&rsquo;Origine Contr\u00f4l\u00e9e (AOP) Champagne comprend 5 sous-r\u00e9gions. La plupart des Belges arr\u00eatent d\u00e9j\u00e0 leur voyage dans la r\u00e9gion populaire de la Montagne de Reims, la sous-r\u00e9gion autour de la ville. Mais nous avons aussi la Vall\u00e9e [&hellip;]<\/p>\n","protected":false},"author":1,"featured_media":0,"parent":0,"menu_order":0,"comment_status":"closed","ping_status":"closed","template":"","meta":{"_et_pb_use_builder":"on","_et_pb_old_content":"","_et_gb_content_width":"","footnotes":""},"class_list":["post-215","page","type-page","status-publish","hentry"],"_links":{"self":[{"href":"https:\/\/degromard.com\/fr\/wp-json\/wp\/v2\/pages\/215","targetHints":{"allow":["GET"]}}],"collection":[{"href":"https:\/\/degromard.com\/fr\/wp-json\/wp\/v2\/pages"}],"about":[{"href":"https:\/\/degromard.com\/fr\/wp-json\/wp\/v2\/types\/page"}],"author":[{"embeddable":true,"href":"https:\/\/degromard.com\/fr\/wp-json\/wp\/v2\/users\/1"}],"replies":[{"embeddable":true,"href":"https:\/\/degromard.com\/fr\/wp-json\/wp\/v2\/comments?post=215"}],"version-history":[{"count":4,"href":"https:\/\/degromard.com\/fr\/wp-json\/wp\/v2\/pages\/215\/revisions"}],"predecessor-version":[{"id":405,"href":"https:\/\/degromard.com\/fr\/wp-json\/wp\/v2\/pages\/215\/revisions\/405"}],"wp:attachment":[{"href":"https:\/\/degromard.com\/fr\/wp-json\/wp\/v2\/media?parent=215"}],"curies":[{"name":"wp","href":"https:\/\/api.w.org\/{rel}","templated":true}]}}