{"id":211,"date":"2023-01-31T14:52:25","date_gmt":"2023-01-31T14:52:25","guid":{"rendered":"https:\/\/degromard.com\/?page_id=211"},"modified":"2023-09-04T14:56:17","modified_gmt":"2023-09-04T14:56:17","slug":"cuvee-marcel-brut-tradition","status":"publish","type":"page","link":"https:\/\/degromard.com\/fr\/cuvee-marcel-brut-tradition\/","title":{"rendered":"Cuv\u00e9e Marcel &#8211; Brut Tradition"},"content":{"rendered":"<p>[et_pb_section fb_built=\u00a0\u00bb1&Prime; _builder_version=\u00a0\u00bb4.19.1&Prime; _module_preset=\u00a0\u00bbdefault\u00a0\u00bb background_color=\u00a0\u00bb#000000&Prime; custom_margin=\u00a0\u00bb0px||||false|false\u00a0\u00bb custom_padding=\u00a0\u00bb0px||5px||false|false\u00a0\u00bb global_colors_info=\u00a0\u00bb{}\u00a0\u00bb][et_pb_row _builder_version=\u00a0\u00bb4.19.1&Prime; _module_preset=\u00a0\u00bbdefault\u00a0\u00bb global_colors_info=\u00a0\u00bb{}\u00a0\u00bb][et_pb_column type=\u00a0\u00bb4_4&Prime; _builder_version=\u00a0\u00bb4.19.1&Prime; _module_preset=\u00a0\u00bbdefault\u00a0\u00bb global_colors_info=\u00a0\u00bb{}\u00a0\u00bb][et_pb_image src=\u00a0\u00bbhttps:\/\/degromard.com\/wp-content\/uploads\/2022\/12\/logo_degromard_black_lowv2.png\u00a0\u00bb align=\u00a0\u00bbcenter\u00a0\u00bb _builder_version=\u00a0\u00bb4.19.1&Prime; _module_preset=\u00a0\u00bbdefault\u00a0\u00bb custom_margin=\u00a0\u00bb||0px||false|false\u00a0\u00bb custom_padding=\u00a0\u00bb||0px||false|false\u00a0\u00bb global_colors_info=\u00a0\u00bb{}\u00a0\u00bb][\/et_pb_image][et_pb_text _builder_version=\u00a0\u00bb4.19.1&Prime; _module_preset=\u00a0\u00bbdefault\u00a0\u00bb text_font=\u00a0\u00bbSatisfy||||||||\u00a0\u00bb text_text_color=\u00a0\u00bb#ae9a64&Prime; text_font_size=\u00a0\u00bb50px\u00a0\u00bb text_line_height=\u00a0\u00bb1.8em\u00a0\u00bb text_orientation=\u00a0\u00bbcenter\u00a0\u00bb text_font_size_tablet=\u00a0\u00bb46px\u00a0\u00bb text_font_size_phone=\u00a0\u00bb31px\u00a0\u00bb text_font_size_last_edited=\u00a0\u00bbon|phone\u00a0\u00bb global_colors_info=\u00a0\u00bb{}\u00a0\u00bb]Cuv\u00e9e Marcel &#8211; Brut Tradition[\/et_pb_text][et_pb_icon font_icon=\u00a0\u00bb&#x3f;||divi||400&Prime; icon_width=\u00a0\u00bb30px\u00a0\u00bb url=\u00a0\u00bb#marcel\u00a0\u00bb _builder_version=\u00a0\u00bb4.19.1&Prime; _module_preset=\u00a0\u00bbdefault\u00a0\u00bb animation_style=\u00a0\u00bbbounce\u00a0\u00bb animation_direction=\u00a0\u00bbbottom\u00a0\u00bb global_colors_info=\u00a0\u00bb{}\u00a0\u00bb][\/et_pb_icon][\/et_pb_column][\/et_pb_row][\/et_pb_section][et_pb_section fb_built=\u00a0\u00bb1&Prime; module_id=\u00a0\u00bbmarcel\u00a0\u00bb _builder_version=\u00a0\u00bb4.19.1&Prime; _module_preset=\u00a0\u00bbdefault\u00a0\u00bb background_color=\u00a0\u00bb#000000&Prime; custom_padding=\u00a0\u00bb0px|||||\u00a0\u00bb global_colors_info=\u00a0\u00bb{}\u00a0\u00bb][et_pb_row column_structure=\u00a0\u00bb1_2,1_2&Prime; make_equal=\u00a0\u00bbon\u00a0\u00bb _builder_version=\u00a0\u00bb4.19.1&Prime; _module_preset=\u00a0\u00bbdefault\u00a0\u00bb width=\u00a0\u00bb100%\u00a0\u00bb max_width=\u00a0\u00bb90%\u00a0\u00bb custom_css_main_element=\u00a0\u00bb display: -webkit-box;||    display: -ms-flexbox;||    display: flex;||    -webkit-box-align: center;||    -ms-flex-align: center;||    align-items: center;||    -webkit-box-orient: horizontal;||    -webkit-box-direction: normal;||    -ms-flex-direction: row;||    flex-direction: row;||    -ms-flex-wrap: wrap;||    flex-wrap: wrap;\u00a0\u00bb global_colors_info=\u00a0\u00bb{}\u00a0\u00bb][et_pb_column type=\u00a0\u00bb1_2&Prime; _builder_version=\u00a0\u00bb4.19.1&Prime; _module_preset=\u00a0\u00bbdefault\u00a0\u00bb global_colors_info=\u00a0\u00bb{}\u00a0\u00bb][et_pb_text _builder_version=\u00a0\u00bb4.22.0&Prime; _module_preset=\u00a0\u00bbdefault\u00a0\u00bb text_text_color=\u00a0\u00bb#FFFFFF\u00a0\u00bb header_text_color=\u00a0\u00bb#FFFFFF\u00a0\u00bb header_2_text_color=\u00a0\u00bb#FFFFFF\u00a0\u00bb custom_margin=\u00a0\u00bb||1vw||false|false\u00a0\u00bb custom_padding=\u00a0\u00bb||0px||false|false\u00a0\u00bb global_colors_info=\u00a0\u00bb{}\u00a0\u00bb]<\/p>\n<p>La Cuv\u00e9e Marcel est un hommage de Gunther \u00e0 son d\u00e9funt p\u00e8re, qui l&rsquo;a soutenu dans toutes ses d\u00e9marches de sommelier dans le monde du vin. De mani\u00e8re tout \u00e0 fait inattendue, il nous a quitt\u00e9s pour l\u2019autre monde et avec ce Champagne, il veut le souvenier avec dignit\u00e9.<\/p>\n<p>[\/et_pb_text][et_pb_image src=\u00a0\u00bbhttps:\/\/degromard.com\/wp-content\/uploads\/2022\/12\/cuvee_marcel.png\u00a0\u00bb show_in_lightbox=\u00a0\u00bbon\u00a0\u00bb align=\u00a0\u00bbcenter\u00a0\u00bb _builder_version=\u00a0\u00bb4.19.1&Prime; _module_preset=\u00a0\u00bbdefault\u00a0\u00bb width=\u00a0\u00bb80%\u00a0\u00bb custom_margin=\u00a0\u00bb0px||1vw||false|false\u00a0\u00bb custom_margin_tablet=\u00a0\u00bb0px||1vw||false|false\u00a0\u00bb custom_margin_phone=\u00a0\u00bb1vw||1vw||false|false\u00a0\u00bb custom_margin_last_edited=\u00a0\u00bbon|phone\u00a0\u00bb custom_padding=\u00a0\u00bb1vw||0px||false|false\u00a0\u00bb border_radii=\u00a0\u00bbon|20px|20px|20px|20px\u00a0\u00bb border_width_all=\u00a0\u00bb5px\u00a0\u00bb border_color_all=\u00a0\u00bb#ae9a64&Prime; global_colors_info=\u00a0\u00bb{}\u00a0\u00bb][\/et_pb_image][et_pb_text _builder_version=\u00a0\u00bb4.22.0&Prime; _module_preset=\u00a0\u00bbdefault\u00a0\u00bb text_text_color=\u00a0\u00bb#FFFFFF\u00a0\u00bb header_text_color=\u00a0\u00bb#FFFFFF\u00a0\u00bb header_2_text_color=\u00a0\u00bb#FFFFFF\u00a0\u00bb text_orientation=\u00a0\u00bbcenter\u00a0\u00bb max_width=\u00a0\u00bb80%\u00a0\u00bb module_alignment=\u00a0\u00bbcenter\u00a0\u00bb custom_margin=\u00a0\u00bb0px||1vw||false|false\u00a0\u00bb custom_padding=\u00a0\u00bb0px||0px||false|false\u00a0\u00bb global_colors_info=\u00a0\u00bb{}\u00a0\u00bb]<\/p>\n<p>Sommelier Gunther De Grom et son p\u00e8re Marcel.<\/p>\n<p>[\/et_pb_text][et_pb_text _builder_version=\u00a0\u00bb4.22.0&Prime; _module_preset=\u00a0\u00bbdefault\u00a0\u00bb text_text_color=\u00a0\u00bb#FFFFFF\u00a0\u00bb header_text_color=\u00a0\u00bb#FFFFFF\u00a0\u00bb header_2_text_color=\u00a0\u00bb#FFFFFF\u00a0\u00bb global_colors_info=\u00a0\u00bb{}\u00a0\u00bb]<\/p>\n<p>Le vignoble de l&rsquo;Aube b\u00e9n\u00e9ficie d&rsquo;un climat semi-continental et repose majoritairement sur des sols marneux, calcaires et argileux. Les c\u00e9pages Pinot Noir et Pinot Meunier s&rsquo;\u00e9panouissant mieux en C\u00f4te des Bar que dans la r\u00e9gion nord, nous avons opt\u00e9 pour une pr\u00e9sence dominante dans cette cuv\u00e9e. 60% Pinot Meunier et 30% Pinot Noir apportent des fruits frais vifs comme l&rsquo;abricot et la p\u00eache blanche et donnent un suppl\u00e9ment de caract\u00e8re au vin. La part discr\u00e8te de 10% de Chardonnay apporte \u00e9l\u00e9gance &amp; finesse et ajoute une touche de rondeur.<\/p>\n<p>La Cuv\u00e9e Marcel est un <strong style=\"color: #ae9a64;\">Brut Tradition<\/strong>. Brut signifie que la dose de sucre dans la liqueur d&rsquo;exp\u00e9dition n&rsquo;est que de 9 grammes\/litre et qu&rsquo;elle est s\u00e8che en bouche. La tradition signifie que les 3 c\u00e9pages nobles de la r\u00e9gion champenoise ont \u00e9t\u00e9 utilis\u00e9s. Un Champagne complexe et \u00e9l\u00e9gant, en tout cas d\u00e9licieusement gourmand.<\/p>\n<p>[\/et_pb_text][\/et_pb_column][et_pb_column type=\u00a0\u00bb1_2&Prime; _builder_version=\u00a0\u00bb4.19.1&Prime; _module_preset=\u00a0\u00bbdefault\u00a0\u00bb global_colors_info=\u00a0\u00bb{}\u00a0\u00bb][dipl_hotspot hotspot_image=\u00a0\u00bbhttps:\/\/degromard.com\/wp-content\/uploads\/2023\/09\/Groep-Cuvee-Marcel_lowres.png\u00a0\u00bb use_plusating_animation=\u00a0\u00bbon\u00a0\u00bb marker_shape=\u00a0\u00bbuse_circle\u00a0\u00bb marker_shape_color=\u00a0\u00bb#E09900&Prime; _builder_version=\u00a0\u00bb4.22.0&Prime; _module_preset=\u00a0\u00bbdefault\u00a0\u00bb transform_scale=\u00a0\u00bb115%|115%\u00a0\u00bb max_width=\u00a0\u00bb65%\u00a0\u00bb module_alignment=\u00a0\u00bbcenter\u00a0\u00bb custom_margin=\u00a0\u00bb||||false|false\u00a0\u00bb custom_margin_tablet=\u00a0\u00bb||||false|false\u00a0\u00bb custom_margin_phone=\u00a0\u00bb3vw||||false|false\u00a0\u00bb custom_margin_last_edited=\u00a0\u00bbon|tablet\u00a0\u00bb custom_padding=\u00a0\u00bb5vw||||false|false\u00a0\u00bb hover_enabled=\u00a0\u00bb0&Prime; custom_css_main_element=\u00a0\u00bbtext-align:center\u00a0\u00bb global_colors_info=\u00a0\u00bb{}\u00a0\u00bb sticky_enabled=\u00a0\u00bb0&Prime;][dipl_hotspot_item marker_icon=\u00a0\u00bb&#xf72f;||fa||900&Prime; marker_position_top=\u00a0\u00bb37%\u00a0\u00bb marker_position_left=\u00a0\u00bb55%\u00a0\u00bb single_marker_shape=\u00a0\u00bbuse_circle\u00a0\u00bb single_marker_shape_color=\u00a0\u00bb#ae9a64&Prime; single_marker_icon_color=\u00a0\u00bb#FFFFFF\u00a0\u00bb _builder_version=\u00a0\u00bb4.22.0&Prime; _module_preset=\u00a0\u00bbdefault\u00a0\u00bb global_colors_info=\u00a0\u00bb{}\u00a0\u00bb]<\/p>\n<h4 style=\"color: #ffffff;\"><strong>Brut<\/strong><\/h4>\n<p>Dosage: 9 gr\/litre<\/p>\n<p>[\/dipl_hotspot_item][dipl_hotspot_item marker_icon=\u00a0\u00bb&#xf72f;||fa||900&Prime; marker_position_top=\u00a0\u00bb68%\u00a0\u00bb marker_position_left=\u00a0\u00bb55%\u00a0\u00bb single_marker_shape=\u00a0\u00bbuse_circle\u00a0\u00bb single_marker_shape_color=\u00a0\u00bb#ae9a64&Prime; single_marker_use_shape_border=\u00a0\u00bbon\u00a0\u00bb single_marker_shape_border_color=\u00a0\u00bb#E09900&Prime; single_marker_border_size=\u00a0\u00bb1&Prime; _builder_version=\u00a0\u00bb4.19.1&Prime; _module_preset=\u00a0\u00bbdefault\u00a0\u00bb hover_enabled=\u00a0\u00bb0&Prime; global_colors_info=\u00a0\u00bb{}\u00a0\u00bb sticky_enabled=\u00a0\u00bb0&Prime;]<\/p>\n<h4 style=\"color:#FFFFFF\"><strong>Tradition<\/strong><\/h4>\n<p><strong><img loading=\"lazy\" decoding=\"async\" src=\"https:\/\/degromard.com\/wp-content\/uploads\/2022\/12\/druiven_champagne_low-300x169.png\" width=\"300\" height=\"169\" alt=\"\" class=\"wp-image-162 alignnone size-medium\" \/><\/strong><\/p>\n<p>De 3 edele druiven van de Champagne regio:<\/p>\n<ul>\n<li>60% Pinot Meunier<\/li>\n<li>30% Pinot Noir<\/li>\n<li>10% Chardonnay<\/li>\n<\/ul>\n<p>[\/dipl_hotspot_item][\/dipl_hotspot][\/et_pb_column][\/et_pb_row][\/et_pb_section]<\/p>\n","protected":false},"excerpt":{"rendered":"<p>Cuv\u00e9e Marcel &#8211; Brut TraditionLa Cuv\u00e9e Marcel est un hommage de Gunther \u00e0 son d\u00e9funt p\u00e8re, qui l&rsquo;a soutenu dans toutes ses d\u00e9marches de sommelier dans le monde du vin. De mani\u00e8re tout \u00e0 fait inattendue, il nous a quitt\u00e9s pour l\u2019autre monde et avec ce Champagne, il veut le souvenier avec dignit\u00e9.Sommelier Gunther De [&hellip;]<\/p>\n","protected":false},"author":1,"featured_media":0,"parent":0,"menu_order":0,"comment_status":"closed","ping_status":"closed","template":"","meta":{"_et_pb_use_builder":"on","_et_pb_old_content":"","_et_gb_content_width":"","footnotes":""},"class_list":["post-211","page","type-page","status-publish","hentry"],"_links":{"self":[{"href":"https:\/\/degromard.com\/fr\/wp-json\/wp\/v2\/pages\/211","targetHints":{"allow":["GET"]}}],"collection":[{"href":"https:\/\/degromard.com\/fr\/wp-json\/wp\/v2\/pages"}],"about":[{"href":"https:\/\/degromard.com\/fr\/wp-json\/wp\/v2\/types\/page"}],"author":[{"embeddable":true,"href":"https:\/\/degromard.com\/fr\/wp-json\/wp\/v2\/users\/1"}],"replies":[{"embeddable":true,"href":"https:\/\/degromard.com\/fr\/wp-json\/wp\/v2\/comments?post=211"}],"version-history":[{"count":5,"href":"https:\/\/degromard.com\/fr\/wp-json\/wp\/v2\/pages\/211\/revisions"}],"predecessor-version":[{"id":462,"href":"https:\/\/degromard.com\/fr\/wp-json\/wp\/v2\/pages\/211\/revisions\/462"}],"wp:attachment":[{"href":"https:\/\/degromard.com\/fr\/wp-json\/wp\/v2\/media?parent=211"}],"curies":[{"name":"wp","href":"https:\/\/api.w.org\/{rel}","templated":true}]}}