{"id":200,"date":"2023-01-31T14:44:18","date_gmt":"2023-01-31T14:44:18","guid":{"rendered":"https:\/\/degromard.com\/?page_id=200"},"modified":"2023-08-18T15:33:40","modified_gmt":"2023-08-18T15:33:40","slug":"ceci-nest-pas-la-famille-de-gromard-2","status":"publish","type":"page","link":"https:\/\/degromard.com\/fr\/ceci-nest-pas-la-famille-de-gromard-2\/","title":{"rendered":"Ceci n\u2019est pas la famille de Gromard"},"content":{"rendered":"<p>[et_pb_section fb_built=\u00a0\u00bb1&Prime; _builder_version=\u00a0\u00bb4.19.1&Prime; _module_preset=\u00a0\u00bbdefault\u00a0\u00bb background_color=\u00a0\u00bb#000000&Prime; custom_margin=\u00a0\u00bb0px||||false|false\u00a0\u00bb custom_padding=\u00a0\u00bb0px||5px||false|false\u00a0\u00bb global_colors_info=\u00a0\u00bb{}\u00a0\u00bb][et_pb_row _builder_version=\u00a0\u00bb4.19.1&Prime; _module_preset=\u00a0\u00bbdefault\u00a0\u00bb global_colors_info=\u00a0\u00bb{}\u00a0\u00bb][et_pb_column type=\u00a0\u00bb4_4&Prime; _builder_version=\u00a0\u00bb4.19.1&Prime; _module_preset=\u00a0\u00bbdefault\u00a0\u00bb global_colors_info=\u00a0\u00bb{}\u00a0\u00bb][et_pb_image src=\u00a0\u00bbhttps:\/\/degromard.com\/wp-content\/uploads\/2022\/12\/logo_degromard_black_lowv2.png\u00a0\u00bb align=\u00a0\u00bbcenter\u00a0\u00bb _builder_version=\u00a0\u00bb4.19.1&Prime; _module_preset=\u00a0\u00bbdefault\u00a0\u00bb custom_margin=\u00a0\u00bb||0px||false|false\u00a0\u00bb custom_padding=\u00a0\u00bb||0px||false|false\u00a0\u00bb global_colors_info=\u00a0\u00bb{}\u00a0\u00bb][\/et_pb_image][et_pb_text _builder_version=\u00a0\u00bb4.19.1&Prime; _module_preset=\u00a0\u00bbdefault\u00a0\u00bb text_font=\u00a0\u00bbSatisfy||||||||\u00a0\u00bb text_text_color=\u00a0\u00bb#ae9a64&Prime; text_font_size=\u00a0\u00bb50px\u00a0\u00bb text_line_height=\u00a0\u00bb1.8em\u00a0\u00bb text_orientation=\u00a0\u00bbcenter\u00a0\u00bb text_font_size_tablet=\u00a0\u00bb46px\u00a0\u00bb text_font_size_phone=\u00a0\u00bb31px\u00a0\u00bb text_font_size_last_edited=\u00a0\u00bbon|phone\u00a0\u00bb global_colors_info=\u00a0\u00bb{}\u00a0\u00bb]Ceci n\u2019est pas la famille de Gromard[\/et_pb_text][et_pb_icon font_icon=\u00a0\u00bb&#x3f;||divi||400&Prime; icon_width=\u00a0\u00bb30px\u00a0\u00bb url=\u00a0\u00bb#familie\u00a0\u00bb _builder_version=\u00a0\u00bb4.19.1&Prime; _module_preset=\u00a0\u00bbdefault\u00a0\u00bb animation_style=\u00a0\u00bbbounce\u00a0\u00bb animation_direction=\u00a0\u00bbbottom\u00a0\u00bb global_colors_info=\u00a0\u00bb{}\u00a0\u00bb][\/et_pb_icon][\/et_pb_column][\/et_pb_row][\/et_pb_section][et_pb_section fb_built=\u00a0\u00bb1&Prime; module_id=\u00a0\u00bbfamilie\u00a0\u00bb _builder_version=\u00a0\u00bb4.19.1&Prime; _module_preset=\u00a0\u00bbdefault\u00a0\u00bb background_color=\u00a0\u00bb#000000&Prime; custom_padding=\u00a0\u00bb0px|||||\u00a0\u00bb global_colors_info=\u00a0\u00bb{}\u00a0\u00bb][et_pb_row column_structure=\u00a0\u00bb1_2,1_2&Prime; make_equal=\u00a0\u00bbon\u00a0\u00bb _builder_version=\u00a0\u00bb4.19.1&Prime; _module_preset=\u00a0\u00bbdefault\u00a0\u00bb width=\u00a0\u00bb100%\u00a0\u00bb max_width=\u00a0\u00bb90%\u00a0\u00bb custom_css_main_element=\u00a0\u00bb display: -webkit-box;||    display: -ms-flexbox;||    display: flex;||    -webkit-box-align: center;||    -ms-flex-align: center;||    align-items: center;||    -webkit-box-orient: horizontal;||    -webkit-box-direction: normal;||    -ms-flex-direction: row;||    flex-direction: row;||    -ms-flex-wrap: wrap;||    flex-wrap: wrap;\u00a0\u00bb global_colors_info=\u00a0\u00bb{}\u00a0\u00bb][et_pb_column type=\u00a0\u00bb1_2&Prime; _builder_version=\u00a0\u00bb4.19.1&Prime; _module_preset=\u00a0\u00bbdefault\u00a0\u00bb global_colors_info=\u00a0\u00bb{}\u00a0\u00bb][et_pb_text _builder_version=\u00a0\u00bb4.22.0&Prime; _module_preset=\u00a0\u00bbdefault\u00a0\u00bb text_text_color=\u00a0\u00bb#FFFFFF\u00a0\u00bb header_text_color=\u00a0\u00bb#FFFFFF\u00a0\u00bb header_2_text_color=\u00a0\u00bb#FFFFFF\u00a0\u00bb hover_enabled=\u00a0\u00bb0&Prime; global_colors_info=\u00a0\u00bb{}\u00a0\u00bb sticky_enabled=\u00a0\u00bb0&Prime;]<\/p>\n<p>Lors d&rsquo;une de ses voyages \u0153nologiques en Champagne, le sommelier Gunther De Grom est entr\u00e9 en contact avec un viticulteur familial de la C\u00f4te des Bar. Il aime y venir \u00e0 cause de la diversit\u00e9 des paysages, des villages pittoresques et du d\u00e9licieux Champagne. Dans cette r\u00e9gion, les raisins bleus s&rsquo;expriment mieux, si bien que les Champagnes y sont un peu plus fruit\u00e9s et plus puissants.<\/p>\n<p>Pour la cr\u00e9ation de sa propre marque, il est retourn\u00e9 dans sa jeunesse. Au lyc\u00e9e, il \u00e9tait surnomm\u00e9 Grompie, ce qui est en n\u00e9erlandais en fait un diminutif de son nom de famille. Mais Grompie \u00e9tait aussi une r\u00e9f\u00e9rence ludique \u00e0 Grumpy, le plus grincheux des 7 nains. Non pas qu&rsquo;il \u00e9tait alors un grand pleurnichard, mais le mot gromard est tr\u00e8s proche de son vrai nom de famille. Et l\u00e0, la boucle \u00e9tait boucl\u00e9e et la marque <strong style=\"color: #ae9a64;\">Champagne de Gromard <\/strong>\u00e9tait cr\u00e9\u00e9.<\/p>\n<p>Malgr\u00e9 le fait que son nom de famille soit \u00e9crit avec deux majuscules, en Belgique la version plus noble est avec un petit &lsquo;d&rsquo;. La l\u00e9gende dit que son arri\u00e8re-arri\u00e8re-grand-p\u00e8re serait un descendant du roi Belge d&rsquo;alors et une de ses ma\u00eetresses.<\/p>\n<p>[\/et_pb_text][\/et_pb_column][et_pb_column type=\u00a0\u00bb1_2&Prime; _builder_version=\u00a0\u00bb4.19.1&Prime; _module_preset=\u00a0\u00bbdefault\u00a0\u00bb global_colors_info=\u00a0\u00bb{}\u00a0\u00bb][et_pb_image src=\u00a0\u00bbhttps:\/\/degromard.com\/wp-content\/uploads\/2022\/12\/la-famille-de-Gromard_small.png\u00a0\u00bb alt=\u00a0\u00bbLa famille de Gromard\u00a0\u00bb title_text=\u00a0\u00bbLa famille de Gromard\u00a0\u00bb show_in_lightbox=\u00a0\u00bbon\u00a0\u00bb align=\u00a0\u00bbcenter\u00a0\u00bb _builder_version=\u00a0\u00bb4.19.1&Prime; _module_preset=\u00a0\u00bbdefault\u00a0\u00bb width=\u00a0\u00bb80%\u00a0\u00bb custom_margin=\u00a0\u00bb||1vw||false|false\u00a0\u00bb custom_padding=\u00a0\u00bb||0px||false|false\u00a0\u00bb border_radii=\u00a0\u00bbon|20px|20px|20px|20px\u00a0\u00bb border_width_all=\u00a0\u00bb5px\u00a0\u00bb border_color_all=\u00a0\u00bb#ae9a64&Prime; global_colors_info=\u00a0\u00bb{}\u00a0\u00bb][\/et_pb_image][et_pb_text _builder_version=\u00a0\u00bb4.22.0&Prime; _module_preset=\u00a0\u00bbdefault\u00a0\u00bb text_text_color=\u00a0\u00bb#FFFFFF\u00a0\u00bb header_text_color=\u00a0\u00bb#FFFFFF\u00a0\u00bb header_2_text_color=\u00a0\u00bb#FFFFFF\u00a0\u00bb text_orientation=\u00a0\u00bbcenter\u00a0\u00bb max_width=\u00a0\u00bb80%\u00a0\u00bb module_alignment=\u00a0\u00bbcenter\u00a0\u00bb custom_margin=\u00a0\u00bb0px||||false|false\u00a0\u00bb custom_padding=\u00a0\u00bb0px||||false|false\u00a0\u00bb hover_enabled=\u00a0\u00bb0&Prime; global_colors_info=\u00a0\u00bb{}\u00a0\u00bb sticky_enabled=\u00a0\u00bb0&Prime;]<\/p>\n<p>de g. \u00e0 dr. devant: Marcel et Maria De Grom-De Maegd, Chris Gens et son mari sommelier Gunther De Grom<br \/>au deuxi\u00e8me rang, la g\u00e9n\u00e9ration suivante: Lien, Liesa et Femke.<\/p>\n<p>[\/et_pb_text][\/et_pb_column][\/et_pb_row][\/et_pb_section]<\/p>\n","protected":false},"excerpt":{"rendered":"<p>Ceci n\u2019est pas la famille de GromardLors d&rsquo;une de ses voyages \u0153nologiques en Champagne, le sommelier Gunther De Grom est entr\u00e9 en contact avec un viticulteur familial de la C\u00f4te des Bar. Il aime y venir \u00e0 cause de la diversit\u00e9 des paysages, des villages pittoresques et du d\u00e9licieux Champagne. Dans cette r\u00e9gion, les raisins [&hellip;]<\/p>\n","protected":false},"author":1,"featured_media":0,"parent":0,"menu_order":0,"comment_status":"closed","ping_status":"closed","template":"","meta":{"_et_pb_use_builder":"on","_et_pb_old_content":"","_et_gb_content_width":"","footnotes":""},"class_list":["post-200","page","type-page","status-publish","hentry"],"_links":{"self":[{"href":"https:\/\/degromard.com\/fr\/wp-json\/wp\/v2\/pages\/200","targetHints":{"allow":["GET"]}}],"collection":[{"href":"https:\/\/degromard.com\/fr\/wp-json\/wp\/v2\/pages"}],"about":[{"href":"https:\/\/degromard.com\/fr\/wp-json\/wp\/v2\/types\/page"}],"author":[{"embeddable":true,"href":"https:\/\/degromard.com\/fr\/wp-json\/wp\/v2\/users\/1"}],"replies":[{"embeddable":true,"href":"https:\/\/degromard.com\/fr\/wp-json\/wp\/v2\/comments?post=200"}],"version-history":[{"count":2,"href":"https:\/\/degromard.com\/fr\/wp-json\/wp\/v2\/pages\/200\/revisions"}],"predecessor-version":[{"id":378,"href":"https:\/\/degromard.com\/fr\/wp-json\/wp\/v2\/pages\/200\/revisions\/378"}],"wp:attachment":[{"href":"https:\/\/degromard.com\/fr\/wp-json\/wp\/v2\/media?parent=200"}],"curies":[{"name":"wp","href":"https:\/\/api.w.org\/{rel}","templated":true}]}}