{"id":214,"date":"2023-01-31T14:54:25","date_gmt":"2023-01-31T14:54:25","guid":{"rendered":"https:\/\/degromard.com\/?page_id=214"},"modified":"2023-08-18T16:59:40","modified_gmt":"2023-08-18T16:59:40","slug":"de-gromard","status":"publish","type":"page","link":"https:\/\/degromard.com\/en\/","title":{"rendered":"De Gromard"},"content":{"rendered":"<p>[et_pb_section fb_built=&#8221;1&#8243; _builder_version=&#8221;4.19.1&#8243; _module_preset=&#8221;default&#8221; background_color=&#8221;#000000&#8243; custom_margin=&#8221;0px||||false|false&#8221; custom_padding=&#8221;0px||||false|false&#8221; bottom_divider_color=&#8221;#ae9a64&#8243; global_colors_info=&#8221;{}&#8221;][et_pb_row _builder_version=&#8221;4.19.1&#8243; _module_preset=&#8221;default&#8221; custom_margin=&#8221;||0px||false|false&#8221; custom_padding=&#8221;||0px||false|false&#8221; global_colors_info=&#8221;{}&#8221;][et_pb_column type=&#8221;4_4&#8243; _builder_version=&#8221;4.19.1&#8243; _module_preset=&#8221;default&#8221; global_colors_info=&#8221;{}&#8221;][et_pb_image src=&#8221;https:\/\/degromard.com\/wp-content\/uploads\/2022\/12\/logo_degromard_black_lowv2.png&#8221; align=&#8221;center&#8221; _builder_version=&#8221;4.19.1&#8243; _module_preset=&#8221;default&#8221; custom_margin=&#8221;||0px||false|false&#8221; custom_padding=&#8221;||0px||false|false&#8221; global_colors_info=&#8221;{}&#8221;][\/et_pb_image][et_pb_text _builder_version=&#8221;4.19.1&#8243; _module_preset=&#8221;default&#8221; text_font=&#8221;Satisfy||||||||&#8221; text_text_color=&#8221;#ae9a64&#8243; text_font_size=&#8221;50px&#8221; text_line_height=&#8221;1.8em&#8221; text_orientation=&#8221;center&#8221; text_font_size_tablet=&#8221;46px&#8221; text_font_size_phone=&#8221;31px&#8221; text_font_size_last_edited=&#8221;on|phone&#8221; global_colors_info=&#8221;{}&#8221;]<\/p>\n<p>Champagne always a bit of a party<\/p>\n<p>[\/et_pb_text][et_pb_icon font_icon=&#8221;&#x3f;||divi||400&#8243; icon_width=&#8221;30px&#8221; url=&#8221;#cotedesbar&#8221; _builder_version=&#8221;4.19.1&#8243; _module_preset=&#8221;default&#8221; animation_style=&#8221;bounce&#8221; animation_direction=&#8221;bottom&#8221; global_colors_info=&#8221;{}&#8221;][\/et_pb_icon][\/et_pb_column][\/et_pb_row][\/et_pb_section][et_pb_section fb_built=&#8221;1&#8243; module_id=&#8221;cotedesbar&#8221; _builder_version=&#8221;4.19.1&#8243; _module_preset=&#8221;default&#8221; custom_margin=&#8221;0px||0px||false|false&#8221; custom_padding=&#8221;0px||0px||false|false&#8221; global_colors_info=&#8221;{}&#8221;][et_pb_row column_structure=&#8221;1_2,1_2&#8243; use_custom_gutter=&#8221;on&#8221; gutter_width=&#8221;1&#8243; make_equal=&#8221;on&#8221; _builder_version=&#8221;4.19.1&#8243; _module_preset=&#8221;default&#8221; width=&#8221;100%&#8221; max_width=&#8221;100%&#8221; custom_margin=&#8221;0px||0px||false|false&#8221; custom_padding=&#8221;0px||0px||false|false&#8221; global_colors_info=&#8221;{}&#8221;][et_pb_column type=&#8221;1_2&#8243; _builder_version=&#8221;4.19.1&#8243; _module_preset=&#8221;default&#8221; background_video_mp4=&#8221;https:\/\/degromard.com\/wp-content\/uploads\/2022\/12\/DeGromard-1.mp4&#8243; global_colors_info=&#8221;{}&#8221;][\/et_pb_column][et_pb_column type=&#8221;1_2&#8243; _builder_version=&#8221;4.19.1&#8243; _module_preset=&#8221;default&#8221; global_colors_info=&#8221;{}&#8221;][et_pb_text _builder_version=&#8221;4.19.1&#8243; _module_preset=&#8221;default&#8221; header_font=&#8221;Satisfy||||||||&#8221; header_text_align=&#8221;center&#8221; header_text_color=&#8221;#ae9a64&#8243; header_font_size=&#8221;50px&#8221; custom_margin=&#8221;||||false|false&#8221; custom_padding=&#8221;5%|10%||10%|false|false&#8221; global_colors_info=&#8221;{}&#8221;]<\/p>\n<h1>C\u00f4te des Bar<\/h1>\n<p>[\/et_pb_text][dipl_separator use_with=&#8221;icon&#8221; seprator_thickness=&#8221;1px&#8221; separator_color=&#8221;#ae9a64&#8243; font_icon=&#8221;&#xf72f;||fa||900&#8243; _builder_version=&#8221;4.19.1&#8243; _module_preset=&#8221;default&#8221; width=&#8221;90%&#8221; module_alignment=&#8221;center&#8221; custom_margin=&#8221;||0px||false|false&#8221; global_colors_info=&#8221;{}&#8221;][\/dipl_separator][et_pb_text _builder_version=&#8221;4.19.1&#8243; _module_preset=&#8221;default&#8221; header_font=&#8221;Satisfy||||||||&#8221; header_text_color=&#8221;#ae9a64&#8243; header_font_size=&#8221;50px&#8221; custom_margin=&#8221;||||false|false&#8221; custom_padding=&#8221;|10%||10%|false|false&#8221; global_colors_info=&#8221;{}&#8221;]<\/p>\n<p>The Appellation d&#8217;Origine Contr\u00f4l\u00e9e (AOP) Champagne covers 5 sub-regions. Most Northern tourists already stop their trip in the popular region in Montagne de Reims, the sub-region around the city. But we also have Vall\u00e9e de la Marne (A\u00ff), C\u00f4te des Blancs (Epernay) and C\u00f4te de Sezanne. Sommelier, Gunther De Grom, however, lost his heart in C\u00f4te des Bar, the most Southern region of AOP Champagne in the Aube department. This region is located more than 150 km south of Reims and about 50 km east of Troyes.<\/p>\n<p>[\/et_pb_text][dipl_image_magnifier image=&#8221;https:\/\/degromard.com\/wp-content\/uploads\/2022\/12\/Champagne_map_lowv2.png&#8221; _builder_version=&#8221;4.19.1&#8243; _module_preset=&#8221;default&#8221; text_orientation=&#8221;center&#8221; width=&#8221;60%&#8221; module_alignment=&#8221;center&#8221; custom_margin=&#8221;0px||0px||false|false&#8221; custom_padding=&#8221;0px||0px||false|false&#8221; global_colors_info=&#8221;{}&#8221;][\/dipl_image_magnifier][et_pb_text _builder_version=&#8221;4.19.1&#8243; _module_preset=&#8221;default&#8221; custom_margin=&#8221;||||false|false&#8221; custom_padding=&#8221;|10%|5%|10%|false|false&#8221; global_colors_info=&#8221;{}&#8221;]<\/p>\n<p>The landscape is different compared to the center of the Champagne region. The vineyards are interspersed with forests, small villages, farms and rivers. It is completely different from the densely vegetated Northern regions. Moreover, the vineyards here benefit from a semi-continental climate, so slightly warmer than the regions around Reims and Epernay.<\/p>\n<p>[\/et_pb_text][\/et_pb_column][\/et_pb_row][\/et_pb_section][et_pb_section fb_built=&#8221;1&#8243; _builder_version=&#8221;4.19.1&#8243; _module_preset=&#8221;default&#8221; background_color=&#8221;#000000&#8243; global_colors_info=&#8221;{}&#8221;][et_pb_row column_structure=&#8221;1_2,1_2&#8243; _builder_version=&#8221;4.19.1&#8243; _module_preset=&#8221;default&#8221; width=&#8221;100%&#8221; max_width=&#8221;90%&#8221; custom_margin=&#8221;||||false|false&#8221; custom_padding=&#8221;||||false|false&#8221; global_colors_info=&#8221;{}&#8221;][et_pb_column type=&#8221;1_2&#8243; _builder_version=&#8221;4.19.1&#8243; _module_preset=&#8221;default&#8221; global_colors_info=&#8221;{}&#8221;][et_pb_text _builder_version=&#8221;4.19.1&#8243; _module_preset=&#8221;default&#8221; text_text_color=&#8221;#ffffff&#8221; global_colors_info=&#8221;{}&#8221;]<\/p>\n<p>Although most growers in the 19th century sold their grapes to large champagne houses, since 2000 they have evolved into a culture of artisanal, experimental, terroir-driven Champagne. The vineyard area has since grown by almost 20% and now covers almost a quarter of the entire Champagne region.<\/p>\n<p>Just like in the rest of the AOP Champagne, the 3 noble grapes are also used here: Chardonnay, Pinot Noir and Pinot Meunier. But Pinot Noir dominates the landscape, with about 86 percent of the vines in the C\u00f4te des Bar. <span style=\"color: #ae9a64;\"><strong>The blue grapes come into their own here<\/strong><\/span> because the hills are often steeper than in the north and therefore get a little more sunshine.<\/p>\n<p>The Champagne region is well known for its distinctive limestone soils just outside the center of the Paris Basin. But the C\u00f4te des Bar is just on the edge of this strip, where lime and clay meet. This is called Kimmeridgian and is characterized by fossils of the oyster species &#8211; perhaps that&#8217;s why Champagne and oysters are always a good combination &#8211; which gives specific mineral notes to the wine.<\/p>\n<p>Kimmeridgian soil is a mixture of limestone and clay marl. The limestone maintains the acidity and the clay marl provides a round, rich structure and rich fruit flavours. This soil, in combination with the slightly warmer temperatures, makes C\u00f4te des Bar Champagne more complex and softer than those from the North.<\/p>\n<p>[\/et_pb_text][\/et_pb_column][et_pb_column type=&#8221;1_2&#8243; _builder_version=&#8221;4.19.1&#8243; _module_preset=&#8221;default&#8221; global_colors_info=&#8221;{}&#8221;][dipl_image_accordion inactive_state=&#8221;on|off&#8221; disabled_on=&#8221;on|off|off&#8221; _builder_version=&#8221;4.22.0&#8243; _module_preset=&#8221;default&#8221; title_text_color=&#8221;#FFFFFF&#8221; desc_text_text_color=&#8221;#FFFFFF&#8221; desc_text_font_size=&#8221;16px&#8221; background_layout=&#8221;dark&#8221; min_height=&#8221;451px&#8221; custom_margin=&#8221;||21px||false|false&#8221; custom_padding=&#8221;||0px||false|false&#8221; global_colors_info=&#8221;{}&#8221;][dipl_image_accordion_item title=&#8221;Limestone&#8221; active_accordion_bg_color=&#8221;rgba(0,0,0,0.5)&#8221; accordion_bg_image=&#8221;https:\/\/degromard.com\/wp-content\/uploads\/2022\/12\/kalksteen.png&#8221; _builder_version=&#8221;4.22.0&#8243; _module_preset=&#8221;default&#8221; title_level=&#8221;h1&#8243; title_font=&#8221;Satisfy||||||||&#8221; title_text_color=&#8221;#FFFFFF&#8221; title_font_size=&#8221;60px&#8221; custom_margin=&#8221;|1vw|||false|false&#8221; custom_padding=&#8221;||||false|false&#8221; title_text_shadow_style=&#8221;preset3&#8243; border_radii=&#8221;on|20px|20px|20px|20px&#8221; box_shadow_style=&#8221;preset6&#8243; global_colors_info=&#8221;{}&#8221;]<\/p>\n<p>Limestone in the soil increases the acidity in the wine.<\/p>\n<p>[\/dipl_image_accordion_item][dipl_image_accordion_item title=&#8221;Clay marl&#8221; active_accordion_bg_color=&#8221;rgba(0,0,0,0.5)&#8221; accordion_bg_image=&#8221;https:\/\/degromard.com\/wp-content\/uploads\/2022\/12\/kleimergel.png&#8221; _builder_version=&#8221;4.22.0&#8243; _module_preset=&#8221;default&#8221; title_level=&#8221;h1&#8243; title_font=&#8221;Satisfy||||||||&#8221; title_text_color=&#8221;#FFFFFF&#8221; title_font_size=&#8221;60px&#8221; custom_margin=&#8221;|||1vw|false|false&#8221; custom_padding=&#8221;||||false|false&#8221; title_text_shadow_style=&#8221;preset3&#8243; border_radii=&#8221;on|20px|20px|20px|20px&#8221; box_shadow_style=&#8221;preset6&#8243; global_colors_info=&#8221;{}&#8221;]<\/p>\n<p>Clay marl provides roundness and a rich fruity profile to the wine.<\/p>\n<p>[\/dipl_image_accordion_item][\/dipl_image_accordion][\/et_pb_column][\/et_pb_row][et_pb_row _builder_version=&#8221;4.19.4&#8243; _module_preset=&#8221;default&#8221; width=&#8221;100%&#8221; max_width=&#8221;90%&#8221; custom_margin=&#8221;0px||||false|false&#8221; custom_margin_tablet=&#8221;||||false|false&#8221; custom_margin_phone=&#8221;0px||||false|false&#8221; custom_margin_last_edited=&#8221;on|phone&#8221; custom_padding=&#8221;0px||||false|false&#8221; global_colors_info=&#8221;{}&#8221;][et_pb_column type=&#8221;4_4&#8243; _builder_version=&#8221;4.19.1&#8243; _module_preset=&#8221;default&#8221; global_colors_info=&#8221;{}&#8221;][et_pb_text _builder_version=&#8221;4.22.0&#8243; _module_preset=&#8221;default&#8221; header_font=&#8221;Satisfy||||||||&#8221; header_text_color=&#8221;#ae9a64&#8243; header_font_size=&#8221;50px&#8221; custom_margin=&#8221;||0px||false|false&#8221; custom_margin_tablet=&#8221;1vw||||false|false&#8221; custom_margin_phone=&#8221;1vw||||false|false&#8221; custom_margin_last_edited=&#8221;on|phone&#8221; custom_padding=&#8221;||0px||false|false&#8221; global_colors_info=&#8221;{}&#8221;]<\/p>\n<h1 style=\"text-align: center;\">Why drink C\u00f4te des Bar?<\/h1>\n<p>[\/et_pb_text][dipl_separator use_with=&#8221;icon&#8221; seprator_thickness=&#8221;1px&#8221; separator_color=&#8221;#ae9a64&#8243; font_icon=&#8221;&#xf5ce;||fa||900&#8243; _builder_version=&#8221;4.19.1&#8243; _module_preset=&#8221;default&#8221; custom_margin=&#8221;||0px||false|false&#8221; global_colors_info=&#8221;{}&#8221;][\/dipl_separator][et_pb_text _builder_version=&#8221;4.19.4&#8243; _module_preset=&#8221;default&#8221; text_text_color=&#8221;#FFFFFF&#8221; header_font=&#8221;Satisfy||||||||&#8221; header_text_color=&#8221;#ae9a64&#8243; header_font_size=&#8221;50px&#8221; global_colors_info=&#8221;{}&#8221;]<\/p>\n<p>The big reason champagne lovers yearn for wines from the C\u00f4te des Bar today is that the winegrowers produce their wines with grapes sourced only from their own estate, rather than purchased grapes, giving greater control over the quality of the fruit. Once dismissed as second-rate, the progressive producers of the C\u00f4te des Bar have developed a culture of experimentation and innovation, which only contributes to very good value for money. Let yourself be seduced by this lesser-known Champagne region and <strong><span style=\"color: #ae9a64;\">join the excitement!<\/span><\/strong><\/p>\n<p>[\/et_pb_text][\/et_pb_column][\/et_pb_row][\/et_pb_section]<\/p>\n","protected":false},"excerpt":{"rendered":"<p>Champagne always a bit of a partyC\u00f4te des Bar<div class=\"et_pb_module dipl_separator dipl_separator_0\">\n\t\t\t\t\n\t\t\t\t\n\t\t\t\t\n\t\t\t\t\n\t\t\t\t\n\t\t\t\t\n\t\t\t\t<div class=\"et_pb_module_inner\">\n\t\t\t\t\t<div class=\"dipl_separator_container align_center\">\n\t\t\t\t\t\t\t\t\t<div class=\"dipl_line dipl_line_before\"><\/div>\n\t\t\t\t\t\t\t\t\t\t\n\t\t\t\t\t\t\t\t\t\t<div class=\"dipl-icon-wrapper\"><span class=\"et-pb-icon \">&#xf72f;<\/span><\/div>\n\t\t\t\t\t\t\t\t\t\t\n\t\t\t\t\t\t\t\t\t<div class=\"dipl_line dipl_line_after\"><\/div>\n\t\t\t\t\t\t\t\t<\/div>\n\t\t\t\t<\/div>\n\t\t\t<\/div>The Appellation d&#8217;Origine Contr\u00f4l\u00e9e (AOP) Champagne covers 5 sub-regions. Most Northern tourists already stop their trip in the popular region in Montagne de Reims, the sub-region around the city. But we also have Vall\u00e9e de la Marne [&hellip;]<\/p>\n","protected":false},"author":1,"featured_media":0,"parent":0,"menu_order":0,"comment_status":"closed","ping_status":"closed","template":"","meta":{"_et_pb_use_builder":"on","_et_pb_old_content":"","_et_gb_content_width":"","footnotes":""},"class_list":["post-214","page","type-page","status-publish","hentry"],"_links":{"self":[{"href":"https:\/\/degromard.com\/en\/wp-json\/wp\/v2\/pages\/214","targetHints":{"allow":["GET"]}}],"collection":[{"href":"https:\/\/degromard.com\/en\/wp-json\/wp\/v2\/pages"}],"about":[{"href":"https:\/\/degromard.com\/en\/wp-json\/wp\/v2\/types\/page"}],"author":[{"embeddable":true,"href":"https:\/\/degromard.com\/en\/wp-json\/wp\/v2\/users\/1"}],"replies":[{"embeddable":true,"href":"https:\/\/degromard.com\/en\/wp-json\/wp\/v2\/comments?post=214"}],"version-history":[{"count":4,"href":"https:\/\/degromard.com\/en\/wp-json\/wp\/v2\/pages\/214\/revisions"}],"predecessor-version":[{"id":403,"href":"https:\/\/degromard.com\/en\/wp-json\/wp\/v2\/pages\/214\/revisions\/403"}],"wp:attachment":[{"href":"https:\/\/degromard.com\/en\/wp-json\/wp\/v2\/media?parent=214"}],"curies":[{"name":"wp","href":"https:\/\/api.w.org\/{rel}","templated":true}]}}